{"id":5769,"date":"2019-10-14T20:41:37","date_gmt":"2019-10-14T16:41:37","guid":{"rendered":"https:\/\/voskanian.am\/product\/%d5%b6%d5%b4%d5%b8%d6%82%d5%b7%d5%b6%d5%a5%d6%80%d5%ab-%d5%b0%d5%a1%d5%be%d5%a1%d6%84%d5%a1%d5%ae%d5%b8%d6%82\/"},"modified":"2022-09-12T21:26:09","modified_gmt":"2022-09-12T17:26:09","slug":"%d5%b6%d5%b4%d5%b8%d6%82%d5%b7%d5%b6%d5%a5%d6%80%d5%ab-%d5%b0%d5%a1%d5%be%d5%a1%d6%84%d5%a1%d5%ae%d5%b8%d6%82","status":"publish","type":"product","link":"https:\/\/voskanian.am\/hy\/product\/%d5%b6%d5%b4%d5%b8%d6%82%d5%b7%d5%b6%d5%a5%d6%80%d5%ab-%d5%b0%d5%a1%d5%be%d5%a1%d6%84%d5%a1%d5%ae%d5%b8%d6%82\/","title":{"rendered":"\u0546\u0574\u0578\u0582\u0577\u0576\u0565\u0580\u056b \u0570\u0561\u057e\u0561\u0584\u0561\u056e\u0578\u0582"},"content":{"rendered":"<p>patchouli et m\u00e9moires &#8211; 2ml<br \/>\niris bois\u00e9 &#8211; 2ml<br \/>\np\u00eache chypr\u00e9e &#8211; 2ml<br \/>\nlonicera de nuit &#8211; 2ml<\/p>\n","protected":false},"excerpt":{"rendered":"<p>patchouli et m\u00e9moires &#8211; 2ml iris bois\u00e9 &#8211; 2ml p\u00eache chypr\u00e9e &#8211; 2ml lonicera de nuit &#8211; 2ml<\/p>\n","protected":false},"featured_media":5732,"template":"","meta":[],"product_brand":[],"product_cat":[1843],"product_tag":[],"class_list":{"0":"post-5769","1":"product","2":"type-product","3":"status-publish","4":"has-post-thumbnail","6":"product_cat-perfume-hy","8":"first","9":"instock","10":"shipping-taxable","11":"purchasable","12":"product-type-simple"},"yoast_head":"<!-- This site is optimized with the Yoast SEO plugin v25.9 - https:\/\/yoast.com\/wordpress\/plugins\/seo\/ -->\n<title>\u0546\u0574\u0578\u0582\u0577\u0576\u0565\u0580\u056b \u0570\u0561\u057e\u0561\u0584\u0561\u056e\u0578\u0582 - Voskanian.am<\/title>\n<meta name=\"robots\" content=\"index, follow, max-snippet:-1, max-image-preview:large, max-video-preview:-1\" \/>\n<link rel=\"canonical\" href=\"https:\/\/voskanian.am\/hy\/product\/\u0576\u0574\u0578\u0582\u0577\u0576\u0565\u0580\u056b-\u0570\u0561\u057e\u0561\u0584\u0561\u056e\u0578\u0582\/\" \/>\n<meta property=\"og:locale\" content=\"hy_AM\" \/>\n<meta property=\"og:type\" content=\"article\" \/>\n<meta property=\"og:title\" content=\"\u0546\u0574\u0578\u0582\u0577\u0576\u0565\u0580\u056b \u0570\u0561\u057e\u0561\u0584\u0561\u056e\u0578\u0582 - Voskanian.am\" \/>\n<meta property=\"og:description\" content=\"patchouli et m\u00e9moires &#8211; 2ml iris bois\u00e9 &#8211; 2ml p\u00eache chypr\u00e9e &#8211; 2ml lonicera de nuit &#8211; 2ml\" \/>\n<meta property=\"og:url\" content=\"https:\/\/voskanian.am\/hy\/product\/\u0576\u0574\u0578\u0582\u0577\u0576\u0565\u0580\u056b-\u0570\u0561\u057e\u0561\u0584\u0561\u056e\u0578\u0582\/\" \/>\n<meta property=\"og:site_name\" content=\"Voskanian.am\" \/>\n<meta property=\"article:modified_time\" content=\"2022-09-12T17:26:09+00:00\" \/>\n<meta property=\"og:image\" content=\"https:\/\/voskanian.am\/wp-content\/uploads\/2021\/10\/photo_2021-10-15_02-57-56.jpg\" \/>\n\t<meta property=\"og:image:width\" content=\"1280\" \/>\n\t<meta property=\"og:image:height\" content=\"960\" \/>\n\t<meta property=\"og:image:type\" content=\"image\/jpeg\" \/>\n<meta name=\"twitter:card\" content=\"summary_large_image\" \/>\n<meta name=\"twitter:label1\" content=\"Est. reading time\" \/>\n\t<meta name=\"twitter:data1\" content=\"1 minute\" \/>\n<script type=\"application\/ld+json\" class=\"yoast-schema-graph\">{\"@context\":\"https:\/\/schema.org\",\"@graph\":[{\"@type\":\"WebPage\",\"@id\":\"https:\/\/voskanian.am\/hy\/product\/%d5%b6%d5%b4%d5%b8%d6%82%d5%b7%d5%b6%d5%a5%d6%80%d5%ab-%d5%b0%d5%a1%d5%be%d5%a1%d6%84%d5%a1%d5%ae%d5%b8%d6%82\/\",\"url\":\"https:\/\/voskanian.am\/hy\/product\/%d5%b6%d5%b4%d5%b8%d6%82%d5%b7%d5%b6%d5%a5%d6%80%d5%ab-%d5%b0%d5%a1%d5%be%d5%a1%d6%84%d5%a1%d5%ae%d5%b8%d6%82\/\",\"name\":\"\u0546\u0574\u0578\u0582\u0577\u0576\u0565\u0580\u056b \u0570\u0561\u057e\u0561\u0584\u0561\u056e\u0578\u0582 - Voskanian.am\",\"isPartOf\":{\"@id\":\"https:\/\/voskanian.am\/#website\"},\"primaryImageOfPage\":{\"@id\":\"https:\/\/voskanian.am\/hy\/product\/%d5%b6%d5%b4%d5%b8%d6%82%d5%b7%d5%b6%d5%a5%d6%80%d5%ab-%d5%b0%d5%a1%d5%be%d5%a1%d6%84%d5%a1%d5%ae%d5%b8%d6%82\/#primaryimage\"},\"image\":{\"@id\":\"https:\/\/voskanian.am\/hy\/product\/%d5%b6%d5%b4%d5%b8%d6%82%d5%b7%d5%b6%d5%a5%d6%80%d5%ab-%d5%b0%d5%a1%d5%be%d5%a1%d6%84%d5%a1%d5%ae%d5%b8%d6%82\/#primaryimage\"},\"thumbnailUrl\":\"https:\/\/voskanian.am\/wp-content\/uploads\/2021\/10\/photo_2021-10-15_02-57-56.jpg\",\"datePublished\":\"2019-10-14T16:41:37+00:00\",\"dateModified\":\"2022-09-12T17:26:09+00:00\",\"breadcrumb\":{\"@id\":\"https:\/\/voskanian.am\/hy\/product\/%d5%b6%d5%b4%d5%b8%d6%82%d5%b7%d5%b6%d5%a5%d6%80%d5%ab-%d5%b0%d5%a1%d5%be%d5%a1%d6%84%d5%a1%d5%ae%d5%b8%d6%82\/#breadcrumb\"},\"inLanguage\":\"hy-AM\",\"potentialAction\":[{\"@type\":\"ReadAction\",\"target\":[\"https:\/\/voskanian.am\/hy\/product\/%d5%b6%d5%b4%d5%b8%d6%82%d5%b7%d5%b6%d5%a5%d6%80%d5%ab-%d5%b0%d5%a1%d5%be%d5%a1%d6%84%d5%a1%d5%ae%d5%b8%d6%82\/\"]}]},{\"@type\":\"ImageObject\",\"inLanguage\":\"hy-AM\",\"@id\":\"https:\/\/voskanian.am\/hy\/product\/%d5%b6%d5%b4%d5%b8%d6%82%d5%b7%d5%b6%d5%a5%d6%80%d5%ab-%d5%b0%d5%a1%d5%be%d5%a1%d6%84%d5%a1%d5%ae%d5%b8%d6%82\/#primaryimage\",\"url\":\"https:\/\/voskanian.am\/wp-content\/uploads\/2021\/10\/photo_2021-10-15_02-57-56.jpg\",\"contentUrl\":\"https:\/\/voskanian.am\/wp-content\/uploads\/2021\/10\/photo_2021-10-15_02-57-56.jpg\",\"width\":1280,\"height\":960},{\"@type\":\"BreadcrumbList\",\"@id\":\"https:\/\/voskanian.am\/hy\/product\/%d5%b6%d5%b4%d5%b8%d6%82%d5%b7%d5%b6%d5%a5%d6%80%d5%ab-%d5%b0%d5%a1%d5%be%d5%a1%d6%84%d5%a1%d5%ae%d5%b8%d6%82\/#breadcrumb\",\"itemListElement\":[{\"@type\":\"ListItem\",\"position\":1,\"name\":\"Home\",\"item\":\"https:\/\/voskanian.am\/ru\/\"},{\"@type\":\"ListItem\",\"position\":2,\"name\":\"Products\",\"item\":\"https:\/\/voskanian.am\/shop\/\"},{\"@type\":\"ListItem\",\"position\":3,\"name\":\"\u0546\u0574\u0578\u0582\u0577\u0576\u0565\u0580\u056b \u0570\u0561\u057e\u0561\u0584\u0561\u056e\u0578\u0582\"}]},{\"@type\":\"WebSite\",\"@id\":\"https:\/\/voskanian.am\/#website\",\"url\":\"https:\/\/voskanian.am\/\",\"name\":\"Voskanian.am\",\"description\":\"\",\"potentialAction\":[{\"@type\":\"SearchAction\",\"target\":{\"@type\":\"EntryPoint\",\"urlTemplate\":\"https:\/\/voskanian.am\/?s={search_term_string}\"},\"query-input\":{\"@type\":\"PropertyValueSpecification\",\"valueRequired\":true,\"valueName\":\"search_term_string\"}}],\"inLanguage\":\"hy-AM\"}]}<\/script>\n<!-- \/ Yoast SEO plugin. -->","yoast_head_json":{"title":"\u0546\u0574\u0578\u0582\u0577\u0576\u0565\u0580\u056b \u0570\u0561\u057e\u0561\u0584\u0561\u056e\u0578\u0582 - Voskanian.am","robots":{"index":"index","follow":"follow","max-snippet":"max-snippet:-1","max-image-preview":"max-image-preview:large","max-video-preview":"max-video-preview:-1"},"canonical":"https:\/\/voskanian.am\/hy\/product\/\u0576\u0574\u0578\u0582\u0577\u0576\u0565\u0580\u056b-\u0570\u0561\u057e\u0561\u0584\u0561\u056e\u0578\u0582\/","og_locale":"hy_AM","og_type":"article","og_title":"\u0546\u0574\u0578\u0582\u0577\u0576\u0565\u0580\u056b \u0570\u0561\u057e\u0561\u0584\u0561\u056e\u0578\u0582 - Voskanian.am","og_description":"patchouli et m\u00e9moires &#8211; 2ml iris bois\u00e9 &#8211; 2ml p\u00eache chypr\u00e9e &#8211; 2ml lonicera de nuit &#8211; 2ml","og_url":"https:\/\/voskanian.am\/hy\/product\/\u0576\u0574\u0578\u0582\u0577\u0576\u0565\u0580\u056b-\u0570\u0561\u057e\u0561\u0584\u0561\u056e\u0578\u0582\/","og_site_name":"Voskanian.am","article_modified_time":"2022-09-12T17:26:09+00:00","og_image":[{"width":1280,"height":960,"url":"https:\/\/voskanian.am\/wp-content\/uploads\/2021\/10\/photo_2021-10-15_02-57-56.jpg","type":"image\/jpeg"}],"twitter_card":"summary_large_image","twitter_misc":{"Est. reading time":"1 minute"},"schema":{"@context":"https:\/\/schema.org","@graph":[{"@type":"WebPage","@id":"https:\/\/voskanian.am\/hy\/product\/%d5%b6%d5%b4%d5%b8%d6%82%d5%b7%d5%b6%d5%a5%d6%80%d5%ab-%d5%b0%d5%a1%d5%be%d5%a1%d6%84%d5%a1%d5%ae%d5%b8%d6%82\/","url":"https:\/\/voskanian.am\/hy\/product\/%d5%b6%d5%b4%d5%b8%d6%82%d5%b7%d5%b6%d5%a5%d6%80%d5%ab-%d5%b0%d5%a1%d5%be%d5%a1%d6%84%d5%a1%d5%ae%d5%b8%d6%82\/","name":"\u0546\u0574\u0578\u0582\u0577\u0576\u0565\u0580\u056b \u0570\u0561\u057e\u0561\u0584\u0561\u056e\u0578\u0582 - Voskanian.am","isPartOf":{"@id":"https:\/\/voskanian.am\/#website"},"primaryImageOfPage":{"@id":"https:\/\/voskanian.am\/hy\/product\/%d5%b6%d5%b4%d5%b8%d6%82%d5%b7%d5%b6%d5%a5%d6%80%d5%ab-%d5%b0%d5%a1%d5%be%d5%a1%d6%84%d5%a1%d5%ae%d5%b8%d6%82\/#primaryimage"},"image":{"@id":"https:\/\/voskanian.am\/hy\/product\/%d5%b6%d5%b4%d5%b8%d6%82%d5%b7%d5%b6%d5%a5%d6%80%d5%ab-%d5%b0%d5%a1%d5%be%d5%a1%d6%84%d5%a1%d5%ae%d5%b8%d6%82\/#primaryimage"},"thumbnailUrl":"https:\/\/voskanian.am\/wp-content\/uploads\/2021\/10\/photo_2021-10-15_02-57-56.jpg","datePublished":"2019-10-14T16:41:37+00:00","dateModified":"2022-09-12T17:26:09+00:00","breadcrumb":{"@id":"https:\/\/voskanian.am\/hy\/product\/%d5%b6%d5%b4%d5%b8%d6%82%d5%b7%d5%b6%d5%a5%d6%80%d5%ab-%d5%b0%d5%a1%d5%be%d5%a1%d6%84%d5%a1%d5%ae%d5%b8%d6%82\/#breadcrumb"},"inLanguage":"hy-AM","potentialAction":[{"@type":"ReadAction","target":["https:\/\/voskanian.am\/hy\/product\/%d5%b6%d5%b4%d5%b8%d6%82%d5%b7%d5%b6%d5%a5%d6%80%d5%ab-%d5%b0%d5%a1%d5%be%d5%a1%d6%84%d5%a1%d5%ae%d5%b8%d6%82\/"]}]},{"@type":"ImageObject","inLanguage":"hy-AM","@id":"https:\/\/voskanian.am\/hy\/product\/%d5%b6%d5%b4%d5%b8%d6%82%d5%b7%d5%b6%d5%a5%d6%80%d5%ab-%d5%b0%d5%a1%d5%be%d5%a1%d6%84%d5%a1%d5%ae%d5%b8%d6%82\/#primaryimage","url":"https:\/\/voskanian.am\/wp-content\/uploads\/2021\/10\/photo_2021-10-15_02-57-56.jpg","contentUrl":"https:\/\/voskanian.am\/wp-content\/uploads\/2021\/10\/photo_2021-10-15_02-57-56.jpg","width":1280,"height":960},{"@type":"BreadcrumbList","@id":"https:\/\/voskanian.am\/hy\/product\/%d5%b6%d5%b4%d5%b8%d6%82%d5%b7%d5%b6%d5%a5%d6%80%d5%ab-%d5%b0%d5%a1%d5%be%d5%a1%d6%84%d5%a1%d5%ae%d5%b8%d6%82\/#breadcrumb","itemListElement":[{"@type":"ListItem","position":1,"name":"Home","item":"https:\/\/voskanian.am\/ru\/"},{"@type":"ListItem","position":2,"name":"Products","item":"https:\/\/voskanian.am\/shop\/"},{"@type":"ListItem","position":3,"name":"\u0546\u0574\u0578\u0582\u0577\u0576\u0565\u0580\u056b \u0570\u0561\u057e\u0561\u0584\u0561\u056e\u0578\u0582"}]},{"@type":"WebSite","@id":"https:\/\/voskanian.am\/#website","url":"https:\/\/voskanian.am\/","name":"Voskanian.am","description":"","potentialAction":[{"@type":"SearchAction","target":{"@type":"EntryPoint","urlTemplate":"https:\/\/voskanian.am\/?s={search_term_string}"},"query-input":{"@type":"PropertyValueSpecification","valueRequired":true,"valueName":"search_term_string"}}],"inLanguage":"hy-AM"}]}},"_links":{"self":[{"href":"https:\/\/voskanian.am\/hy\/wp-json\/wp\/v2\/product\/5769","targetHints":{"allow":["GET"]}}],"collection":[{"href":"https:\/\/voskanian.am\/hy\/wp-json\/wp\/v2\/product"}],"about":[{"href":"https:\/\/voskanian.am\/hy\/wp-json\/wp\/v2\/types\/product"}],"wp:featuredmedia":[{"embeddable":true,"href":"https:\/\/voskanian.am\/hy\/wp-json\/wp\/v2\/media\/5732"}],"wp:attachment":[{"href":"https:\/\/voskanian.am\/hy\/wp-json\/wp\/v2\/media?parent=5769"}],"wp:term":[{"taxonomy":"product_brand","embeddable":true,"href":"https:\/\/voskanian.am\/hy\/wp-json\/wp\/v2\/product_brand?post=5769"},{"taxonomy":"product_cat","embeddable":true,"href":"https:\/\/voskanian.am\/hy\/wp-json\/wp\/v2\/product_cat?post=5769"},{"taxonomy":"product_tag","embeddable":true,"href":"https:\/\/voskanian.am\/hy\/wp-json\/wp\/v2\/product_tag?post=5769"}],"curies":[{"name":"wp","href":"https:\/\/api.w.org\/{rel}","templated":true}]}}